{"id":276,"date":"2025-05-22T07:11:24","date_gmt":"2025-05-22T07:11:24","guid":{"rendered":"https:\/\/slobrides.si\/about\/"},"modified":"2026-01-09T09:10:26","modified_gmt":"2026-01-09T08:10:26","slug":"https-slobridres-si-o-nas","status":"publish","type":"page","link":"https:\/\/slobrides.si\/it\/https-slobridres-si-o-nas\/","title":{"rendered":"Chi siamo"},"content":{"rendered":"<div data-elementor-type=\"wp-page\" data-elementor-id=\"276\" class=\"elementor elementor-276\">\n\t\t\t\t<div class=\"elementor-element elementor-element-8c1ca90 e-flex e-con-boxed elementor-invisible e-con e-parent\" data-id=\"8c1ca90\" data-element_type=\"container\" data-e-type=\"container\" data-settings=\"{&quot;background_background&quot;:&quot;classic&quot;,&quot;animation&quot;:&quot;fadeIn&quot;}\">\n\t\t\t\t\t<div class=\"e-con-inner\">\n\t\t\t\t<div class=\"elementor-element elementor-element-0353a11 elementor-widget elementor-widget-heading\" data-id=\"0353a11\" data-element_type=\"widget\" data-e-type=\"widget\" data-widget_type=\"heading.default\">\n\t\t\t\t<div class=\"elementor-widget-container\">\n\t\t\t\t\t<h1 class=\"elementor-heading-title elementor-size-default\">Chi siamo<\/h1>\t\t\t\t<\/div>\n\t\t\t\t<\/div>\n\t\t<div class=\"elementor-element elementor-element-481998c e-con-full e-flex e-con e-child\" data-id=\"481998c\" data-element_type=\"container\" data-e-type=\"container\">\n\t\t\t\t<div class=\"elementor-element elementor-element-8aa1265 elementor-hidden-desktop elementor-hidden-tablet elementor-hidden-mobile elementor-widget elementor-widget-image\" data-id=\"8aa1265\" data-element_type=\"widget\" data-e-type=\"widget\" data-widget_type=\"image.default\">\n\t\t\t\t<div class=\"elementor-widget-container\">\n\t\t\t\t\t\t\t\t\t\t\t\t\t\t\t<img fetchpriority=\"high\" decoding=\"async\" width=\"1024\" height=\"192\" src=\"https:\/\/slobrides.si\/wp-content\/uploads\/2025\/10\/LOGO-Slobrides-1024x192.png\" class=\"attachment-large size-large wp-image-2528\" alt=\"Slobrides company logo \/ o nas\" srcset=\"https:\/\/slobrides.si\/wp-content\/uploads\/2025\/10\/LOGO-Slobrides-1024x192.png 1024w, https:\/\/slobrides.si\/wp-content\/uploads\/2025\/10\/LOGO-Slobrides-300x56.png 300w, https:\/\/slobrides.si\/wp-content\/uploads\/2025\/10\/LOGO-Slobrides-768x144.png 768w, https:\/\/slobrides.si\/wp-content\/uploads\/2025\/10\/LOGO-Slobrides-1536x288.png 1536w, https:\/\/slobrides.si\/wp-content\/uploads\/2025\/10\/LOGO-Slobrides-2048x384.png 2048w, https:\/\/slobrides.si\/wp-content\/uploads\/2025\/10\/LOGO-Slobrides-18x3.png 18w\" sizes=\"(max-width: 1024px) 100vw, 1024px\" \/>\t\t\t\t\t\t\t\t\t\t\t\t\t\t\t<\/div>\n\t\t\t\t<\/div>\n\t\t\t\t<\/div>\n\t\t<div class=\"elementor-element elementor-element-c6721da e-con-full e-flex e-con e-child\" data-id=\"c6721da\" data-element_type=\"container\" data-e-type=\"container\">\n\t\t\t\t<div class=\"elementor-element elementor-element-4115457 elementor-hidden-desktop elementor-hidden-tablet elementor-hidden-mobile elementor-widget elementor-widget-text-editor\" data-id=\"4115457\" data-element_type=\"widget\" data-e-type=\"widget\" data-widget_type=\"text-editor.default\">\n\t\t\t\t<div class=\"elementor-widget-container\">\n\t\t\t\t\t\t\t\t\t<p>Za dodatne informacije priporo\u010damo ogled <a href=\"https:\/\/www.en-standard.eu\/en-1092-1\/\" target=\"_blank\" rel=\"noopener\">standarda EN 1092-1<\/a>. Ve\u010d o na\u0161em delu si lahko ogledate v <a href=\"https:\/\/slobrides.si\/it\/katalog\/\">na\u0161em katalogu<\/a>.<\/p>\t\t\t\t\t\t\t\t<\/div>\n\t\t\t\t<\/div>\n\t\t\t\t<\/div>\n\t\t\t\t\t<\/div>\n\t\t\t\t<\/div>\n\t\t<div class=\"elementor-element elementor-element-91d5e9c e-flex e-con-boxed e-con e-parent\" data-id=\"91d5e9c\" data-element_type=\"container\" data-e-type=\"container\" data-settings=\"{&quot;background_background&quot;:&quot;classic&quot;,&quot;animation&quot;:&quot;none&quot;}\">\n\t\t\t\t\t<div class=\"e-con-inner\">\n\t\t\t\t<div class=\"elementor-element elementor-element-062431a elementor-invisible elementor-widget elementor-widget-heading\" data-id=\"062431a\" data-element_type=\"widget\" data-e-type=\"widget\" data-settings=\"{&quot;_animation&quot;:&quot;fadeIn&quot;}\" data-widget_type=\"heading.default\">\n\t\t\t\t<div class=\"elementor-widget-container\">\n\t\t\t\t\t<h2 class=\"elementor-heading-title elementor-size-default\">Scoprite la storia di Slobrides<\/h2>\t\t\t\t<\/div>\n\t\t\t\t<\/div>\n\t\t<div class=\"elementor-element elementor-element-fbcb8e0 e-con-full e-flex e-con e-child\" data-id=\"fbcb8e0\" data-element_type=\"container\" data-e-type=\"container\">\n\t\t<div class=\"elementor-element elementor-element-55721ca e-con-full e-flex e-con e-child\" data-id=\"55721ca\" data-element_type=\"container\" data-e-type=\"container\">\n\t\t\t\t<div class=\"elementor-element elementor-element-8e08ae4 elementor-invisible elementor-widget elementor-widget-image\" data-id=\"8e08ae4\" data-element_type=\"widget\" data-e-type=\"widget\" data-settings=\"{&quot;_animation&quot;:&quot;slideInLeft&quot;}\" data-widget_type=\"image.default\">\n\t\t\t\t<div class=\"elementor-widget-container\">\n\t\t\t\t\t\t\t\t\t\t\t\t\t\t\t<img decoding=\"async\" width=\"1458\" height=\"898\" data-src=\"https:\/\/slobrides.si\/wp-content\/uploads\/2025\/05\/SC02483.jpg\" class=\"attachment-full size-full wp-image-737 lazyload\" alt=\"Assorted carbon steel flanges including weld neck, blind, threaded, and slip-on types\" data-srcset=\"https:\/\/slobrides.si\/wp-content\/uploads\/2025\/05\/SC02483.jpg 1458w, https:\/\/slobrides.si\/wp-content\/uploads\/2025\/05\/SC02483-300x185.jpg 300w, https:\/\/slobrides.si\/wp-content\/uploads\/2025\/05\/SC02483-1024x631.jpg 1024w, https:\/\/slobrides.si\/wp-content\/uploads\/2025\/05\/SC02483-768x473.jpg 768w\" data-sizes=\"(max-width: 1458px) 100vw, 1458px\" src=\"data:image\/svg+xml;base64,PHN2ZyB3aWR0aD0iMSIgaGVpZ2h0PSIxIiB4bWxucz0iaHR0cDovL3d3dy53My5vcmcvMjAwMC9zdmciPjwvc3ZnPg==\" style=\"--smush-placeholder-width: 1458px; --smush-placeholder-aspect-ratio: 1458\/898;\" \/>\t\t\t\t\t\t\t\t\t\t\t\t\t\t\t<\/div>\n\t\t\t\t<\/div>\n\t\t\t\t<\/div>\n\t\t<div class=\"elementor-element elementor-element-df9b9a0 e-con-full e-flex e-con e-child\" data-id=\"df9b9a0\" data-element_type=\"container\" data-e-type=\"container\">\n\t\t\t\t<div class=\"elementor-element elementor-element-dbb3f26 elementor-invisible elementor-widget elementor-widget-heading\" data-id=\"dbb3f26\" data-element_type=\"widget\" data-e-type=\"widget\" data-settings=\"{&quot;_animation&quot;:&quot;slideInUp&quot;}\" data-widget_type=\"heading.default\">\n\t\t\t\t<div class=\"elementor-widget-container\">\n\t\t\t\t\t<p class=\"elementor-heading-title elementor-size-default\">\n\n<\/p>\t\t\t\t<\/div>\n\t\t\t\t<\/div>\n\t\t\t\t<div class=\"elementor-element elementor-element-39d35a4 elementor-invisible elementor-widget elementor-widget-image-box\" data-id=\"39d35a4\" data-element_type=\"widget\" data-e-type=\"widget\" data-settings=\"{&quot;_animation&quot;:&quot;slideInRight&quot;}\" data-widget_type=\"image-box.default\">\n\t\t\t\t<div class=\"elementor-widget-container\">\n\t\t\t\t\t<div class=\"elementor-image-box-wrapper\"><div class=\"elementor-image-box-content\"><h3 class=\"elementor-image-box-title\">Slobrides d.o.o.<\/h3><p class=\"elementor-image-box-description\">Nel 2014 ha preso vita la storia di Slobrides d.o.o., un\u2019azienda che si \u00e8 rapidamente affermata come partner affidabile nella fornitura di flange e raccordi in acciaio al carbonio. Fin dai primi passi ci guida la convinzione che la qualit\u00e0 non sia soltanto un requisito, ma una promessa \u2013 per questo abbiamo costruito la nostra attivit\u00e0 su un sistema di gestione conforme alla norma ISO 9001:2008, ponendo basi solide per l\u2019eccellenza di ogni prodotto che offriamo ai nostri clienti.\nLa nostra missione \u00e8 chiara: fornire soluzioni che collegano i diversi settori industriali. Grazie a un approccio innovativo e al rigoroso rispetto degli standard internazionali, abbiamo tracciato un percorso di crescita e conquistato la fiducia di numerosi partner. Oggi collaboriamo con piacere con una vasta gamma di realt\u00e0 \u2013 dai grossisti e produttori alle aziende che operano nella gestione dell\u2019acqua, del gas e di altri sistemi infrastrutturali \u2013 in tutta Italia e in Europa.\nOgni collaborazione si fonda sulla fiducia, sul rispetto e su una visione a lungo termine, perch\u00e9 crediamo che siano proprio le relazioni a creare valore duraturo. La nostra crescita non \u00e8 mai stata casuale, ma il risultato di una strategia chiara, basata sulla comprensione delle esigenze industriali e su un approccio responsabile a ogni fornitura.\nNel nostro lavoro ci concentriamo sull\u2019assicurare ai clienti prodotti non solo conformi agli standard, ma anche affidabili nell\u2019uso quotidiano. Nel corso degli anni abbiamo sviluppato una vasta rete di fornitori verificati, che ci permette di mantenere un elevato livello di disponibilit\u00e0 e una risposta rapida. Le nostre collaborazioni si basano su partnership di lungo periodo, costruite sulla trasparenza, sulla professionalit\u00e0 e sul rigoroso rispetto delle tempistiche concordate. Questa combinazione ci consente di garantire una catena di fornitura stabile e prevedibile, un elemento essenziale nell\u2019ambiente industriale.\nDedichiamo particolare attenzione alla comprensione delle esigenze specifiche dei diversi settori. Le aziende che operano nei campi dell\u2019energia, dei sistemi idrici, dei gasdotti, dell\u2019edilizia o delle strutture metalliche affrontano sfide tecniche differenti, perci\u00f2 il nostro approccio \u00e8 sempre adattato a ciascun progetto. Il nostro obiettivo non \u00e8 soltanto la fornitura dei prodotti, ma anche il supporto nella ricerca delle soluzioni ottimali che contribuiscano, nel lungo periodo, alla sicurezza, all\u2019efficienza e all\u2019affidabilit\u00e0 dei sistemi dei nostri partner.\nI nostri valori fondamentali guidano ogni nostro passo. Affidabilit\u00e0 significa che i clienti possono sempre contare su di noi. Qualit\u00e0 \u00e8 confermata da ogni prodotto che offriamo. Responsabilit\u00e0 si riflette nel nostro rapporto con i partner commerciali, con l\u2019industria e con l\u2019ambiente. Rispetto \u00e8 la base su cui costruiamo relazioni durature. Questi principi non sono parole vuote, ma una promessa: continuare a essere un interlocutore affidabile, capace di collegare le esigenze dell\u2019industria con soluzioni che generano valore duraturo.\nLa nostra storia continua con la stessa dedizione con cui \u00e8 iniziata: con l\u2019obiettivo chiaro di collegare i settori industriali, garantire qualit\u00e0 e costruire relazioni basate sulla fiducia e su una visione condivisa di crescita a lungo termine.<\/p><\/div><\/div>\t\t\t\t<\/div>\n\t\t\t\t<\/div>\n\t\t\t\t<\/div>\n\t\t\t\t<\/div>\n\t\t\t\t\t<\/div>\n\t\t\t\t<\/div>\n\t\t<div class=\"elementor-element elementor-element-e289fec e-flex e-con-boxed elementor-invisible e-con e-parent\" data-id=\"e289fec\" data-element_type=\"container\" data-e-type=\"container\" data-settings=\"{&quot;background_background&quot;:&quot;classic&quot;,&quot;animation&quot;:&quot;slideInUp&quot;}\">\n\t\t\t\t\t<div class=\"e-con-inner\">\n\t\t\t\t<div class=\"elementor-element elementor-element-b8a78a3 elementor-invisible elementor-widget elementor-widget-image-box\" data-id=\"b8a78a3\" data-element_type=\"widget\" data-e-type=\"widget\" data-settings=\"{&quot;_animation&quot;:&quot;slideInDown&quot;}\" data-widget_type=\"image-box.default\">\n\t\t\t\t<div class=\"elementor-widget-container\">\n\t\t\t\t\t<div class=\"elementor-image-box-wrapper\"><div class=\"elementor-image-box-content\"><h2 class=\"elementor-image-box-title\">I nostri valori fondamentali<\/h2><p class=\"elementor-image-box-description\">In Slobrides d.o.o. siamo guidati da principi che non sono solo scritti, ma vissuti ogni giorno. Essi modellano il nostro modo di lavorare, determinano il nostro rapporto con i clienti e i partner e guidano tutte le nostre decisioni.\nAffidabilit\u00e0 significa che i nostri clienti possono sempre contare su di noi. La qualit\u00e0 \u00e8 la conferma di ogni prodotto che offriamo. La responsabilit\u00e0 si esprime nel rapporto con i nostri colleghi, il settore e l'ambiente. Il rispetto \u00e8 la base su cui costruiamo legami a lungo termine.\nQuesti principi non sono parole vuote, ma la promessa che continueremo a essere un partner fidato, in grado di collegare le esigenze dell'industria con soluzioni che offrono un valore duraturo.\n<\/p><\/div><\/div>\t\t\t\t<\/div>\n\t\t\t\t<\/div>\n\t\t<div class=\"elementor-element elementor-element-2d283a9 e-con-full e-flex e-con e-child\" data-id=\"2d283a9\" data-element_type=\"container\" data-e-type=\"container\">\n\t\t\t\t<div class=\"elementor-element elementor-element-f6d7bd9 elementor-invisible elementor-widget elementor-widget-image-box\" data-id=\"f6d7bd9\" data-element_type=\"widget\" data-e-type=\"widget\" data-settings=\"{&quot;_animation&quot;:&quot;slideInLeft&quot;}\" data-widget_type=\"image-box.default\">\n\t\t\t\t<div class=\"elementor-widget-container\">\n\t\t\t\t\t<div class=\"elementor-image-box-wrapper\"><div class=\"elementor-image-box-content\"><h3 class=\"elementor-image-box-title\">Qualit\u00e0<\/h3><p class=\"elementor-image-box-description\">Per noi la qualit\u00e0 \u00e8 una promessa che manteniamo con ogni ordine. I nostri prodotti sono selezionati con cura e soddisfano i pi\u00f9 severi criteri del settore, assicurando la loro affidabilit\u00e0 e longevit\u00e0. La nostra costante attenzione all'eccellenza crea fiducia e rafforza relazioni commerciali durature.<\/p><\/div><\/div>\t\t\t\t<\/div>\n\t\t\t\t<\/div>\n\t\t\t\t<div class=\"elementor-element elementor-element-84273d3 elementor-invisible elementor-widget elementor-widget-image-box\" data-id=\"84273d3\" data-element_type=\"widget\" data-e-type=\"widget\" data-settings=\"{&quot;_animation&quot;:&quot;slideInUp&quot;}\" data-widget_type=\"image-box.default\">\n\t\t\t\t<div class=\"elementor-widget-container\">\n\t\t\t\t\t<div class=\"elementor-image-box-wrapper\"><div class=\"elementor-image-box-content\"><h3 class=\"elementor-image-box-title\">Integrit\u00e0<\/h3><p class=\"elementor-image-box-description\">L\u2019integrit\u00e0 \u00e8 il principio che costituisce la base solida del nostro operato. Costruiamo relazioni durature con clienti e partner adottando un approccio aperto, onesto e trasparente. Crediamo nella chiarezza, nella responsabilit\u00e0 e nel rispetto reciproco, convinti che questi valori generino fiducia e garantiscano una collaborazione efficace e sostenibile nel tempo.<\/p><\/div><\/div>\t\t\t\t<\/div>\n\t\t\t\t<\/div>\n\t\t\t\t<div class=\"elementor-element elementor-element-88d869d elementor-invisible elementor-widget elementor-widget-image-box\" data-id=\"88d869d\" data-element_type=\"widget\" data-e-type=\"widget\" data-settings=\"{&quot;_animation&quot;:&quot;slideInRight&quot;}\" data-widget_type=\"image-box.default\">\n\t\t\t\t<div class=\"elementor-widget-container\">\n\t\t\t\t\t<div class=\"elementor-image-box-wrapper\"><div class=\"elementor-image-box-content\"><h3 class=\"elementor-image-box-title\">Creativit\u00e0<\/h3><p class=\"elementor-image-box-description\">La creativit\u00e0 \u00e8 la forza trainante del nostro sviluppo. Come importatori e distributori, selezioniamo con cura i prodotti di produttori rinomati che seguono i pi\u00f9 severi criteri di qualit\u00e0. Aggiornando continuamente la nostra gamma di prodotti e migliorando i nostri processi di lavoro, siamo al passo con i cambiamenti del mercato e forniamo ai nostri clienti soluzioni moderne e affidabili. Crediamo che l'apertura alle nuove idee sia un vantaggio da condividere con tutti coloro con cui lavoriamo.<\/p><\/div><\/div>\t\t\t\t<\/div>\n\t\t\t\t<\/div>\n\t\t\t\t<\/div>\n\t\t\t\t\t<\/div>\n\t\t\t\t<\/div>\n\t\t<div class=\"elementor-element elementor-element-ee827a1 e-flex e-con-boxed e-con e-parent\" data-id=\"ee827a1\" data-element_type=\"container\" data-e-type=\"container\" data-settings=\"{&quot;background_background&quot;:&quot;classic&quot;}\">\n\t\t\t\t\t<div class=\"e-con-inner\">\n\t\t\t\t<div class=\"elementor-element elementor-element-269e1c2 elementor-arrows-position-inside elementor-widget elementor-widget-image-carousel\" data-id=\"269e1c2\" data-element_type=\"widget\" data-e-type=\"widget\" data-settings=\"{&quot;navigation&quot;:&quot;arrows&quot;,&quot;autoplay&quot;:&quot;yes&quot;,&quot;pause_on_hover&quot;:&quot;yes&quot;,&quot;pause_on_interaction&quot;:&quot;yes&quot;,&quot;autoplay_speed&quot;:5000,&quot;infinite&quot;:&quot;yes&quot;,&quot;speed&quot;:500}\" data-widget_type=\"image-carousel.default\">\n\t\t\t\t<div class=\"elementor-widget-container\">\n\t\t\t\t\t\t\t<div class=\"elementor-image-carousel-wrapper swiper\" role=\"region\" aria-roledescription=\"carousel\" aria-label=\"Immagine di Carousel\" dir=\"ltr\">\n\t\t\t<div class=\"elementor-image-carousel swiper-wrapper\" aria-live=\"off\">\n\t\t\t\t\t\t\t\t<div class=\"swiper-slide\" role=\"group\" aria-roledescription=\"slide\" aria-label=\"1 od 6\"><figure class=\"swiper-slide-inner\"><img decoding=\"async\" class=\"swiper-slide-image lazyload\" data-src=\"https:\/\/slobrides.si\/wp-content\/uploads\/2025\/06\/SC02415_result.jpg\" alt=\"Blind carbon steel flange with machined surface and bolt holes for industrial pipe sealing\" src=\"data:image\/svg+xml;base64,PHN2ZyB3aWR0aD0iMSIgaGVpZ2h0PSIxIiB4bWxucz0iaHR0cDovL3d3dy53My5vcmcvMjAwMC9zdmciPjwvc3ZnPg==\" style=\"--smush-placeholder-width: 300px; --smush-placeholder-aspect-ratio: 300\/255;\" \/><\/figure><\/div><div class=\"swiper-slide\" role=\"group\" aria-roledescription=\"slide\" aria-label=\"2 od 6\"><figure class=\"swiper-slide-inner\"><img decoding=\"async\" class=\"swiper-slide-image lazyload\" data-src=\"https:\/\/slobrides.si\/wp-content\/uploads\/2025\/06\/SC02420_result.jpg\" alt=\"Circular metal flange with central bore and bolt holes, machined for industrial pipe connections\" src=\"data:image\/svg+xml;base64,PHN2ZyB3aWR0aD0iMSIgaGVpZ2h0PSIxIiB4bWxucz0iaHR0cDovL3d3dy53My5vcmcvMjAwMC9zdmciPjwvc3ZnPg==\" style=\"--smush-placeholder-width: 300px; --smush-placeholder-aspect-ratio: 300\/255;\" \/><\/figure><\/div><div class=\"swiper-slide\" role=\"group\" aria-roledescription=\"slide\" aria-label=\"3 od 6\"><figure class=\"swiper-slide-inner\"><img decoding=\"async\" class=\"swiper-slide-image lazyload\" data-src=\"https:\/\/slobrides.si\/wp-content\/uploads\/2025\/06\/SC02441_result.jpg\" alt=\"Metal pipe flange with central bore and bolt holes for industrial piping connections\" src=\"data:image\/svg+xml;base64,PHN2ZyB3aWR0aD0iMSIgaGVpZ2h0PSIxIiB4bWxucz0iaHR0cDovL3d3dy53My5vcmcvMjAwMC9zdmciPjwvc3ZnPg==\" style=\"--smush-placeholder-width: 300px; --smush-placeholder-aspect-ratio: 300\/255;\" \/><\/figure><\/div><div class=\"swiper-slide\" role=\"group\" aria-roledescription=\"slide\" aria-label=\"4 od 6\"><figure class=\"swiper-slide-inner\"><img decoding=\"async\" class=\"swiper-slide-image lazyload\" data-src=\"https:\/\/slobrides.si\/wp-content\/uploads\/2025\/06\/SC02447_result.jpg\" alt=\"Weld neck pipe flange with tapered hub and bolt holes for high-pressure industrial piping systems\" src=\"data:image\/svg+xml;base64,PHN2ZyB3aWR0aD0iMSIgaGVpZ2h0PSIxIiB4bWxucz0iaHR0cDovL3d3dy53My5vcmcvMjAwMC9zdmciPjwvc3ZnPg==\" style=\"--smush-placeholder-width: 300px; --smush-placeholder-aspect-ratio: 300\/255;\" \/><\/figure><\/div><div class=\"swiper-slide\" role=\"group\" aria-roledescription=\"slide\" aria-label=\"5 od 6\"><figure class=\"swiper-slide-inner\"><img decoding=\"async\" class=\"swiper-slide-image lazyload\" data-src=\"https:\/\/slobrides.si\/wp-content\/uploads\/2025\/06\/SC02460_result.jpg\" alt=\"Assorted carbon steel pipe flanges including weld neck, slip-on, and blind types for industrial piping systems\" src=\"data:image\/svg+xml;base64,PHN2ZyB3aWR0aD0iMSIgaGVpZ2h0PSIxIiB4bWxucz0iaHR0cDovL3d3dy53My5vcmcvMjAwMC9zdmciPjwvc3ZnPg==\" style=\"--smush-placeholder-width: 300px; --smush-placeholder-aspect-ratio: 300\/255;\" \/><\/figure><\/div><div class=\"swiper-slide\" role=\"group\" aria-roledescription=\"slide\" aria-label=\"6 od 6\"><figure class=\"swiper-slide-inner\"><img decoding=\"async\" class=\"swiper-slide-image lazyload\" data-src=\"https:\/\/slobrides.si\/wp-content\/uploads\/2025\/06\/Okovja-Raccordi-Fittings-Spojke-all-1.png\" alt=\"Assorted black steel pipe fittings including elbows, reducers, tees, and caps for industrial piping systems\" src=\"data:image\/svg+xml;base64,PHN2ZyB3aWR0aD0iMSIgaGVpZ2h0PSIxIiB4bWxucz0iaHR0cDovL3d3dy53My5vcmcvMjAwMC9zdmciPjwvc3ZnPg==\" style=\"--smush-placeholder-width: 300px; --smush-placeholder-aspect-ratio: 300\/255;\" \/><\/figure><\/div>\t\t\t<\/div>\n\t\t\t\t\t\t\t\t\t\t\t\t<div class=\"elementor-swiper-button elementor-swiper-button-prev\" role=\"button\" tabindex=\"0\">\n\t\t\t\t\t\t<svg aria-hidden=\"true\" class=\"e-font-icon-svg e-fas-chevron-left\" viewbox=\"0 0 320 512\" xmlns=\"http:\/\/www.w3.org\/2000\/svg\"><path d=\"M34.52 239.03L228.87 44.69c9.37-9.37 24.57-9.37 33.94 0l22.67 22.67c9.36 9.36 9.37 24.52.04 33.9L131.49 256l154.02 154.75c9.34 9.38 9.32 24.54-.04 33.9l-22.67 22.67c-9.37 9.37-24.57 9.37-33.94 0L34.52 272.97c-9.37-9.37-9.37-24.57 0-33.94z\"><\/path><\/svg>\t\t\t\t\t<\/div>\n\t\t\t\t\t<div class=\"elementor-swiper-button elementor-swiper-button-next\" role=\"button\" tabindex=\"0\">\n\t\t\t\t\t\t<svg aria-hidden=\"true\" class=\"e-font-icon-svg e-fas-chevron-right\" viewbox=\"0 0 320 512\" xmlns=\"http:\/\/www.w3.org\/2000\/svg\"><path d=\"M285.476 272.971L91.132 467.314c-9.373 9.373-24.569 9.373-33.941 0l-22.667-22.667c-9.357-9.357-9.375-24.522-.04-33.901L188.505 256 34.484 101.255c-9.335-9.379-9.317-24.544.04-33.901l22.667-22.667c9.373-9.373 24.569-9.373 33.941 0L285.475 239.03c9.373 9.372 9.373 24.568.001 33.941z\"><\/path><\/svg>\t\t\t\t\t<\/div>\n\t\t\t\t\n\t\t\t\t\t\t\t\t\t<\/div>\n\t\t\t\t\t\t<\/div>\n\t\t\t\t<\/div>\n\t\t\t\t\t<\/div>\n\t\t\t\t<\/div>\n\t\t\t\t<\/div>","protected":false},"excerpt":{"rendered":"<p>O nas Za dodatne informacije priporo\u010damo ogled standarda EN 1092-1. Ve\u010d o na\u0161em delu si lahko ogledate v na\u0161em katalogu. Odkrijte zgodbo podjetja Slobrides Slobrides d.o.o. Leta 2014 je za\u017eivela zgodba podjetja Slobrides d.o.o., ki se je hitro uveljavilo kot zanesljiv partner pri dobavi prirobnic in okovij iz ogljikovega jekla. Od prvih korakov nas vodi [&hellip;]<\/p>\n","protected":false},"author":1,"featured_media":0,"parent":0,"menu_order":0,"comment_status":"closed","ping_status":"closed","template":"","meta":{"_uag_custom_page_level_css":"","site-sidebar-layout":"no-sidebar","site-content-layout":"","ast-site-content-layout":"full-width-container","site-content-style":"default","site-sidebar-style":"default","ast-global-header-display":"","ast-banner-title-visibility":"","ast-main-header-display":"","ast-hfb-above-header-display":"","ast-hfb-below-header-display":"","ast-hfb-mobile-header-display":"","site-post-title":"","ast-breadcrumbs-content":"","ast-featured-img":"disabled","footer-sml-layout":"","ast-disable-related-posts":"","theme-transparent-header-meta":"","adv-header-id-meta":"","stick-header-meta":"","header-above-stick-meta":"","header-main-stick-meta":"","header-below-stick-meta":"","astra-migrate-meta-layouts":"default","ast-page-background-enabled":"default","ast-page-background-meta":{"desktop":{"background-color":"var(--ast-global-color-5)","background-image":"","background-repeat":"repeat","background-position":"center center","background-size":"auto","background-attachment":"scroll","background-type":"","background-media":"","overlay-type":"","overlay-color":"","overlay-opacity":"","overlay-gradient":""},"tablet":{"background-color":"","background-image":"","background-repeat":"repeat","background-position":"center center","background-size":"auto","background-attachment":"scroll","background-type":"","background-media":"","overlay-type":"","overlay-color":"","overlay-opacity":"","overlay-gradient":""},"mobile":{"background-color":"","background-image":"","background-repeat":"repeat","background-position":"center center","background-size":"auto","background-attachment":"scroll","background-type":"","background-media":"","overlay-type":"","overlay-color":"","overlay-opacity":"","overlay-gradient":""}},"ast-content-background-meta":{"desktop":{"background-color":"var(--ast-global-color-4)","background-image":"","background-repeat":"repeat","background-position":"center center","background-size":"auto","background-attachment":"scroll","background-type":"","background-media":"","overlay-type":"","overlay-color":"","overlay-opacity":"","overlay-gradient":""},"tablet":{"background-color":"var(--ast-global-color-4)","background-image":"","background-repeat":"repeat","background-position":"center center","background-size":"auto","background-attachment":"scroll","background-type":"","background-media":"","overlay-type":"","overlay-color":"","overlay-opacity":"","overlay-gradient":""},"mobile":{"background-color":"var(--ast-global-color-4)","background-image":"","background-repeat":"repeat","background-position":"center center","background-size":"auto","background-attachment":"scroll","background-type":"","background-media":"","overlay-type":"","overlay-color":"","overlay-opacity":"","overlay-gradient":""}},"footnotes":""},"class_list":["post-276","page","type-page","status-publish","hentry"],"uagb_featured_image_src":{"full":false,"thumbnail":false,"medium":false,"medium_large":false,"large":false,"1536x1536":false,"2048x2048":false,"trp-custom-language-flag":false},"uagb_author_info":{"display_name":"admin","author_link":"https:\/\/slobrides.si\/it\/author\/admin\/"},"uagb_comment_info":0,"uagb_excerpt":"O nas Za dodatne informacije priporo\u010damo ogled standarda EN 1092-1. Ve\u010d o na\u0161em delu si lahko ogledate v na\u0161em katalogu. Odkrijte zgodbo podjetja Slobrides Slobrides d.o.o. Leta 2014 je za\u017eivela zgodba podjetja Slobrides d.o.o., ki se je hitro uveljavilo kot zanesljiv partner pri dobavi prirobnic in okovij iz ogljikovega jekla. Od prvih korakov nas vodi&hellip;","_links":{"self":[{"href":"https:\/\/slobrides.si\/it\/wp-json\/wp\/v2\/pages\/276","targetHints":{"allow":["GET"]}}],"collection":[{"href":"https:\/\/slobrides.si\/it\/wp-json\/wp\/v2\/pages"}],"about":[{"href":"https:\/\/slobrides.si\/it\/wp-json\/wp\/v2\/types\/page"}],"author":[{"embeddable":true,"href":"https:\/\/slobrides.si\/it\/wp-json\/wp\/v2\/users\/1"}],"replies":[{"embeddable":true,"href":"https:\/\/slobrides.si\/it\/wp-json\/wp\/v2\/comments?post=276"}],"version-history":[{"count":125,"href":"https:\/\/slobrides.si\/it\/wp-json\/wp\/v2\/pages\/276\/revisions"}],"predecessor-version":[{"id":3629,"href":"https:\/\/slobrides.si\/it\/wp-json\/wp\/v2\/pages\/276\/revisions\/3629"}],"wp:attachment":[{"href":"https:\/\/slobrides.si\/it\/wp-json\/wp\/v2\/media?parent=276"}],"curies":[{"name":"wp","href":"https:\/\/api.w.org\/{rel}","templated":true}]}}