{"id":275,"date":"2025-05-22T07:11:24","date_gmt":"2025-05-22T07:11:24","guid":{"rendered":"https:\/\/slobrides.si\/home\/"},"modified":"2026-01-09T11:35:33","modified_gmt":"2026-01-09T10:35:33","slug":"domaca-stran","status":"publish","type":"page","link":"https:\/\/slobrides.si\/fr\/","title":{"rendered":"Page d'accueil"},"content":{"rendered":"<div data-elementor-type=\"wp-page\" data-elementor-id=\"275\" class=\"elementor elementor-275\">\n\t\t\t\t<div class=\"elementor-element elementor-element-429593c animated-slow e-con-full e-flex elementor-invisible e-con e-parent\" data-id=\"429593c\" data-element_type=\"container\" data-e-type=\"container\" data-settings=\"{&quot;background_background&quot;:&quot;video&quot;,&quot;animation&quot;:&quot;fadeIn&quot;,&quot;background_video_link&quot;:&quot;https:\\\/\\\/slobrides.si\\\/wp-content\\\/uploads\\\/2025\\\/07\\\/mainvid.mp4&quot;,&quot;background_play_on_mobile&quot;:&quot;yes&quot;,&quot;background_video_start&quot;:0}\">\n\t\t<div class=\"elementor-background-video-container\">\n\t\t\t\t\t\t\t<video class=\"elementor-background-video-hosted\" role=\"presentation\" autoplay muted playsinline loop><\/video>\n\t\t\t\t\t<\/div>\t\t<div class=\"elementor-element elementor-element-01c8fb5 elementor-hidden-desktop elementor-hidden-tablet elementor-hidden-mobile elementor-widget elementor-widget-heading\" data-id=\"01c8fb5\" data-element_type=\"widget\" data-e-type=\"widget\" data-widget_type=\"heading.default\">\n\t\t\t\t<div class=\"elementor-widget-container\">\n\t\t\t\t\t<h1 class=\"elementor-heading-title elementor-size-default\">Slobrides \u2013 gamme de brides et raccords en acier carbone\n<\/h1>\t\t\t\t<\/div>\n\t\t\t\t<\/div>\n\t\t\t\t<\/div>\n\t\t<div class=\"elementor-element elementor-element-735d843 animated-slow e-flex e-con-boxed elementor-invisible e-con e-parent\" data-id=\"735d843\" data-element_type=\"container\" data-e-type=\"container\" data-settings=\"{&quot;background_background&quot;:&quot;classic&quot;,&quot;animation&quot;:&quot;fadeIn&quot;}\">\n\t\t\t\t\t<div class=\"e-con-inner\">\n\t\t\t\t<div class=\"elementor-element elementor-element-e81376a elementor-invisible elementor-widget elementor-widget-image-box\" data-id=\"e81376a\" data-element_type=\"widget\" data-e-type=\"widget\" data-settings=\"{&quot;_animation&quot;:&quot;slideInUp&quot;}\" data-widget_type=\"image-box.default\">\n\t\t\t\t<div class=\"elementor-widget-container\">\n\t\t\t\t\t<div class=\"elementor-image-box-wrapper\"><div class=\"elementor-image-box-content\"><h2 class=\"elementor-image-box-title\">Slobrides \u2013 gamme de brides et raccords en acier carbone<\/h2><p class=\"elementor-image-box-description\">Slobrides propose une large gamme de brides et de raccords (fittings) en acier carbone, alliant haute qualit\u00e9, fiabilit\u00e9 et longue dur\u00e9e de service. Tous les produits sont con\u00e7us et fabriqu\u00e9s conform\u00e9ment \u00e0 la norme europ\u00e9enne EN 1092\u20111 ainsi qu\u2019aux standards am\u00e9ricains ANSI B16.5, garantissant une conformit\u00e9 totale aux exigences des diff\u00e9rents secteurs industriels.\nPour des informations techniques suppl\u00e9mentaires, la documentation officielle de la norme EN 1092\u20111 est disponible sur le site de l\u2019organisme de normalisation.\nNotre gamme comprend des brides et des raccords en acier carbone destin\u00e9s \u00e0 une utilisation dans les syst\u00e8mes industriels, de construction, d\u2019adduction d\u2019eau, de distribution de gaz et dans les structures m\u00e9talliques. Slobrides assure une disponibilit\u00e9 constante, une tra\u00e7abilit\u00e9 compl\u00e8te et les certifications n\u00e9cessaires, offrant ainsi un soutien fiable pour tous les projets n\u00e9cessitant des connexions tubulaires robustes et standardis\u00e9es.\nVous pouvez consulter davantage de d\u00e9tails sur notre documentation technique dans notre catalogue, o\u00f9 sont regroup\u00e9es toutes les sp\u00e9cifications et r\u00e9f\u00e9rences normatives.\nSlobrides respecte rigoureusement les normes en vigueur d\u00e9finissant les dimensions, les mat\u00e9riaux et les exigences techniques relatives aux brides et aux raccords. Cela garantit que tous les produits sont conformes aux besoins des diff\u00e9rents secteurs industriels et pr\u00eats \u00e0 \u00eatre utilis\u00e9s imm\u00e9diatement dans des environnements op\u00e9rationnels exigeants.<\/p><\/div><\/div>\t\t\t\t<\/div>\n\t\t\t\t<\/div>\n\t\t<div class=\"elementor-element elementor-element-a410366 e-con-full e-flex e-con e-child\" data-id=\"a410366\" data-element_type=\"container\" data-e-type=\"container\">\n\t\t<div class=\"elementor-element elementor-element-bf43d19 e-con-full e-flex e-con e-child\" data-id=\"bf43d19\" data-element_type=\"container\" data-e-type=\"container\">\n\t\t\t\t<div class=\"elementor-element elementor-element-51f32f0 elementor-invisible elementor-widget elementor-widget-image\" data-id=\"51f32f0\" data-element_type=\"widget\" data-e-type=\"widget\" data-settings=\"{&quot;_animation&quot;:&quot;fadeInLeft&quot;,&quot;_animation_delay&quot;:1500}\" data-widget_type=\"image.default\">\n\t\t\t\t<div class=\"elementor-widget-container\">\n\t\t\t\t\t\t\t\t\t\t\t\t\t\t\t<img fetchpriority=\"high\" decoding=\"async\" width=\"1497\" height=\"1187\" src=\"https:\/\/slobrides.si\/wp-content\/uploads\/2025\/05\/SC02484.jpg\" class=\"attachment-full size-full wp-image-738\" alt=\"Mixed carbon steel flanges including blind, weld neck, slip-on, and threaded types\" srcset=\"https:\/\/slobrides.si\/wp-content\/uploads\/2025\/05\/SC02484.jpg 1497w, https:\/\/slobrides.si\/wp-content\/uploads\/2025\/05\/SC02484-300x238.jpg 300w, https:\/\/slobrides.si\/wp-content\/uploads\/2025\/05\/SC02484-1024x812.jpg 1024w, https:\/\/slobrides.si\/wp-content\/uploads\/2025\/05\/SC02484-768x609.jpg 768w\" sizes=\"(max-width: 1497px) 100vw, 1497px\" \/>\t\t\t\t\t\t\t\t\t\t\t\t\t\t\t<\/div>\n\t\t\t\t<\/div>\n\t\t\t\t<div class=\"elementor-element elementor-element-5ba577e elementor-invisible elementor-widget elementor-widget-image-box\" data-id=\"5ba577e\" data-element_type=\"widget\" data-e-type=\"widget\" data-settings=\"{&quot;_animation&quot;:&quot;slideInLeft&quot;}\" data-widget_type=\"image-box.default\">\n\t\t\t\t<div class=\"elementor-widget-container\">\n\t\t\t\t\t<div class=\"elementor-image-box-wrapper\"><div class=\"elementor-image-box-content\"><h3 class=\"elementor-image-box-title\">Brides<\/h3><p class=\"elementor-image-box-description\">Nous proposons une large gamme de brides en acier au carbone fabriqu\u00e9es conform\u00e9ment aux normes internationales EN 1092-1, ANSI B16.5 et ISO 9001:2015. Nos produits garantissent la plus haute qualit\u00e9, confirm\u00e9e par des certificats, la fiabilit\u00e9 et la s\u00e9curit\u00e9 d'utilisation dans un large \u00e9ventail d'industries et une longue dur\u00e9e de vie, m\u00eame dans des conditions d'exploitation exigeantes. Avec une large gamme de dimensions et de conceptions, nous pouvons r\u00e9pondre aux besoins d'une vari\u00e9t\u00e9 de projets, des solutions standard aux applications plus exigeantes o\u00f9 une conformit\u00e9 totale avec les exigences techniques et les r\u00e9glementations est requise.<\/p><\/div><\/div>\t\t\t\t<\/div>\n\t\t\t\t<\/div>\n\t\t\t\t<\/div>\n\t\t<div class=\"elementor-element elementor-element-f239f43 e-con-full e-flex e-con e-child\" data-id=\"f239f43\" data-element_type=\"container\" data-e-type=\"container\">\n\t\t\t\t<div class=\"elementor-element elementor-element-8e53c1e elementor-invisible elementor-widget elementor-widget-image\" data-id=\"8e53c1e\" data-element_type=\"widget\" data-e-type=\"widget\" data-settings=\"{&quot;_animation&quot;:&quot;fadeInDown&quot;,&quot;_animation_delay&quot;:1500}\" data-widget_type=\"image.default\">\n\t\t\t\t<div class=\"elementor-widget-container\">\n\t\t\t\t\t\t\t\t\t\t\t\t\t\t\t<img decoding=\"async\" width=\"973\" height=\"547\" data-src=\"https:\/\/slobrides.si\/wp-content\/uploads\/2025\/05\/SC02405.jpg\" class=\"attachment-full size-full wp-image-772 lazyload\" alt=\"Carbon steel blind flange with four bolt holes and a machined solid face\" data-srcset=\"https:\/\/slobrides.si\/wp-content\/uploads\/2025\/05\/SC02405.jpg 973w, https:\/\/slobrides.si\/wp-content\/uploads\/2025\/05\/SC02405-300x169.jpg 300w, https:\/\/slobrides.si\/wp-content\/uploads\/2025\/05\/SC02405-768x432.jpg 768w\" data-sizes=\"(max-width: 973px) 100vw, 973px\" src=\"data:image\/svg+xml;base64,PHN2ZyB3aWR0aD0iMSIgaGVpZ2h0PSIxIiB4bWxucz0iaHR0cDovL3d3dy53My5vcmcvMjAwMC9zdmciPjwvc3ZnPg==\" style=\"--smush-placeholder-width: 973px; --smush-placeholder-aspect-ratio: 973\/547;\" \/>\t\t\t\t\t\t\t\t\t\t\t\t\t\t\t<\/div>\n\t\t\t\t<\/div>\n\t\t\t\t<div class=\"elementor-element elementor-element-0262834 elementor-invisible elementor-widget elementor-widget-image-box\" data-id=\"0262834\" data-element_type=\"widget\" data-e-type=\"widget\" data-settings=\"{&quot;_animation&quot;:&quot;slideInUp&quot;}\" data-widget_type=\"image-box.default\">\n\t\t\t\t<div class=\"elementor-widget-container\">\n\t\t\t\t\t<div class=\"elementor-image-box-wrapper\"><div class=\"elementor-image-box-content\"><h3 class=\"elementor-image-box-title\">Raccords<\/h3><p class=\"elementor-image-box-description\">Nos raccords en acier au carbone comprennent une large gamme de produits, notamment des coudes, des r\u00e9ducteurs, des pi\u00e8ces en T et d'autres \u00e9l\u00e9ments con\u00e7us pour fournir des connexions fiables et s\u00fbres dans une vari\u00e9t\u00e9 d'applications industrielles. En tant qu'importateurs et distributeurs, nous travaillons avec des fabricants \u00e9tablis qui utilisent des mat\u00e9riaux de haute qualit\u00e9 et des proc\u00e9d\u00e9s de fabrication modernes.\nCela garantit que tous les produits ont une longue dur\u00e9e de vie, m\u00eame dans des conditions d'utilisation exigeantes. Les raccords sont conformes aux normes de qualit\u00e9 europ\u00e9ennes et internationales, ce qui confirme leur fiabilit\u00e9 et permet de les utiliser en toute confiance dans l'industrie.\n<\/p><\/div><\/div>\t\t\t\t<\/div>\n\t\t\t\t<\/div>\n\t\t\t\t<\/div>\n\t\t<div class=\"elementor-element elementor-element-bb804fc e-con-full e-flex e-con e-child\" data-id=\"bb804fc\" data-element_type=\"container\" data-e-type=\"container\">\n\t\t\t\t<div class=\"elementor-element elementor-element-c5effc6 elementor-invisible elementor-widget elementor-widget-image\" data-id=\"c5effc6\" data-element_type=\"widget\" data-e-type=\"widget\" data-settings=\"{&quot;_animation&quot;:&quot;fadeInRight&quot;,&quot;_animation_delay&quot;:1500}\" data-widget_type=\"image.default\">\n\t\t\t\t<div class=\"elementor-widget-container\">\n\t\t\t\t\t\t\t\t\t\t\t\t\t\t\t<img decoding=\"async\" width=\"607\" height=\"590\" data-src=\"https:\/\/slobrides.si\/wp-content\/uploads\/2025\/05\/iso.png\" class=\"attachment-full size-full wp-image-670 lazyload\" alt=\"ISO 9001:2015 certified quality management badge with silver checkmark\" data-srcset=\"https:\/\/slobrides.si\/wp-content\/uploads\/2025\/05\/iso.png 607w, https:\/\/slobrides.si\/wp-content\/uploads\/2025\/05\/iso-300x292.png 300w\" data-sizes=\"(max-width: 607px) 100vw, 607px\" src=\"data:image\/svg+xml;base64,PHN2ZyB3aWR0aD0iMSIgaGVpZ2h0PSIxIiB4bWxucz0iaHR0cDovL3d3dy53My5vcmcvMjAwMC9zdmciPjwvc3ZnPg==\" style=\"--smush-placeholder-width: 607px; --smush-placeholder-aspect-ratio: 607\/590;\" \/>\t\t\t\t\t\t\t\t\t\t\t\t\t\t\t<\/div>\n\t\t\t\t<\/div>\n\t\t\t\t<div class=\"elementor-element elementor-element-408dc91 elementor-invisible elementor-widget elementor-widget-image-box\" data-id=\"408dc91\" data-element_type=\"widget\" data-e-type=\"widget\" data-settings=\"{&quot;_animation&quot;:&quot;slideInRight&quot;}\" data-widget_type=\"image-box.default\">\n\t\t\t\t<div class=\"elementor-widget-container\">\n\t\t\t\t\t<div class=\"elementor-image-box-wrapper\"><div class=\"elementor-image-box-content\"><h3 class=\"elementor-image-box-title\">Certificats<\/h3><p class=\"elementor-image-box-description\">Chacun de nos produits est certifi\u00e9 3.1, ce qui atteste de sa tra\u00e7abilit\u00e9 et de sa qualit\u00e9. Vous recevez le certificat automatiquement et sans frais suppl\u00e9mentaires, car nous pensons que la transparence et la fiabilit\u00e9 doivent faire partie de notre offre standard.<\/p><\/div><\/div>\t\t\t\t<\/div>\n\t\t\t\t<\/div>\n\t\t\t\t<\/div>\n\t\t\t\t<\/div>\n\t\t<div class=\"elementor-element elementor-element-d0ca4bc e-con-full e-flex e-con e-child\" data-id=\"d0ca4bc\" data-element_type=\"container\" data-e-type=\"container\">\n\t\t\t\t<div class=\"elementor-element elementor-element-a8d7038 elementor-widget__width-initial elementor-hidden-desktop elementor-hidden-tablet elementor-hidden-mobile elementor-widget elementor-widget-image\" data-id=\"a8d7038\" data-element_type=\"widget\" data-e-type=\"widget\" data-widget_type=\"image.default\">\n\t\t\t\t<div class=\"elementor-widget-container\">\n\t\t\t\t\t\t\t\t\t\t\t\t\t\t\t<img decoding=\"async\" width=\"1024\" height=\"192\" data-src=\"https:\/\/slobrides.si\/wp-content\/uploads\/2025\/10\/LOGO-Slobrides-1024x192.png\" class=\"attachment-large size-large wp-image-2528 lazyload\" alt=\"Slobrides company logo \/ o nas\" data-srcset=\"https:\/\/slobrides.si\/wp-content\/uploads\/2025\/10\/LOGO-Slobrides-1024x192.png 1024w, https:\/\/slobrides.si\/wp-content\/uploads\/2025\/10\/LOGO-Slobrides-300x56.png 300w, https:\/\/slobrides.si\/wp-content\/uploads\/2025\/10\/LOGO-Slobrides-768x144.png 768w, https:\/\/slobrides.si\/wp-content\/uploads\/2025\/10\/LOGO-Slobrides-1536x288.png 1536w, https:\/\/slobrides.si\/wp-content\/uploads\/2025\/10\/LOGO-Slobrides-2048x384.png 2048w, https:\/\/slobrides.si\/wp-content\/uploads\/2025\/10\/LOGO-Slobrides-18x3.png 18w\" data-sizes=\"(max-width: 1024px) 100vw, 1024px\" src=\"data:image\/svg+xml;base64,PHN2ZyB3aWR0aD0iMSIgaGVpZ2h0PSIxIiB4bWxucz0iaHR0cDovL3d3dy53My5vcmcvMjAwMC9zdmciPjwvc3ZnPg==\" style=\"--smush-placeholder-width: 1024px; --smush-placeholder-aspect-ratio: 1024\/192;\" \/>\t\t\t\t\t\t\t\t\t\t\t\t\t\t\t<\/div>\n\t\t\t\t<\/div>\n\t\t\t\t<\/div>\n\t\t\t\t\t<\/div>\n\t\t\t\t<\/div>\n\t\t<div class=\"elementor-element elementor-element-93b84d6 e-flex e-con-boxed e-con e-parent\" data-id=\"93b84d6\" data-element_type=\"container\" data-e-type=\"container\" data-settings=\"{&quot;background_background&quot;:&quot;classic&quot;}\">\n\t\t\t\t\t<div class=\"e-con-inner\">\n\t\t\t\t<div class=\"elementor-element elementor-element-fe4743e elementor-widget elementor-widget-image-box\" data-id=\"fe4743e\" data-element_type=\"widget\" data-e-type=\"widget\" data-widget_type=\"image-box.default\">\n\t\t\t\t<div class=\"elementor-widget-container\">\n\t\t\t\t\t<div class=\"elementor-image-box-wrapper\"><div class=\"elementor-image-box-content\"><h2 class=\"elementor-image-box-title\">Contactez nous !<\/h2><p class=\"elementor-image-box-description\">Nous attendons avec impatience votre demande et l'occasion de vous en dire plus sur nos produits et sur la fa\u00e7on dont nous pouvons soutenir et d\u00e9velopper votre entreprise ensemble. Notre \u00e9quipe se tient \u00e0 votre disposition pour tout compl\u00e9ment d'information et pour vous apporter son soutien.\t<\/p><\/div><\/div>\t\t\t\t<\/div>\n\t\t\t\t<\/div>\n\t\t\t\t<div class=\"elementor-element elementor-element-1a6f4ce elementor-align-center elementor-widget elementor-widget-button\" data-id=\"1a6f4ce\" data-element_type=\"widget\" data-e-type=\"widget\" data-widget_type=\"button.default\">\n\t\t\t\t<div class=\"elementor-widget-container\">\n\t\t\t\t\t\t\t\t\t<div class=\"elementor-button-wrapper\">\n\t\t\t\t\t<a class=\"elementor-button elementor-button-link elementor-size-sm\" href=\"\/fr\/kontakt\/\">\n\t\t\t\t\t\t<span class=\"elementor-button-content-wrapper\">\n\t\t\t\t\t\t\t\t\t<span class=\"elementor-button-text\">Contactez nous<\/span>\n\t\t\t\t\t<\/span>\n\t\t\t\t\t<\/a>\n\t\t\t\t<\/div>\n\t\t\t\t\t\t\t\t<\/div>\n\t\t\t\t<\/div>\n\t\t\t\t\t<\/div>\n\t\t\t\t<\/div>\n\t\t\t\t<\/div>","protected":false},"excerpt":{"rendered":"<p>Slobrides \u2013 ponudba prirobnic in okovij iz ogljikovega jekla Slobrides \u2013 ponudba prirobnic in okovij iz ogljikovega jekla Slobrides predstavlja \u0161iroko ponudbo prirobnic in okovij (fitingov) iz ogljikovega jekla, ki zdru\u017eujejo visoko kakovost, zanesljivost in dolgo \u017eivljenjsko dobo. Vsi izdelki so zasnovani in izdelani v skladu z evropskimi standardi EN 1092\u20111 ter ameri\u0161kimi standardi ANSI [&hellip;]<\/p>\n","protected":false},"author":1,"featured_media":0,"parent":0,"menu_order":0,"comment_status":"closed","ping_status":"closed","template":"","meta":{"_uag_custom_page_level_css":"","site-sidebar-layout":"no-sidebar","site-content-layout":"","ast-site-content-layout":"full-width-container","site-content-style":"default","site-sidebar-style":"default","ast-global-header-display":"","ast-banner-title-visibility":"","ast-main-header-display":"","ast-hfb-above-header-display":"","ast-hfb-below-header-display":"","ast-hfb-mobile-header-display":"","site-post-title":"disabled","ast-breadcrumbs-content":"","ast-featured-img":"disabled","footer-sml-layout":"","ast-disable-related-posts":"","theme-transparent-header-meta":"","adv-header-id-meta":"","stick-header-meta":"","header-above-stick-meta":"","header-main-stick-meta":"","header-below-stick-meta":"","astra-migrate-meta-layouts":"default","ast-page-background-enabled":"default","ast-page-background-meta":{"desktop":{"background-color":"var(--ast-global-color-5)","background-image":"","background-repeat":"repeat","background-position":"center center","background-size":"auto","background-attachment":"scroll","background-type":"","background-media":"","overlay-type":"","overlay-color":"","overlay-opacity":"","overlay-gradient":""},"tablet":{"background-color":"","background-image":"","background-repeat":"repeat","background-position":"center center","background-size":"auto","background-attachment":"scroll","background-type":"","background-media":"","overlay-type":"","overlay-color":"","overlay-opacity":"","overlay-gradient":""},"mobile":{"background-color":"","background-image":"","background-repeat":"repeat","background-position":"center center","background-size":"auto","background-attachment":"scroll","background-type":"","background-media":"","overlay-type":"","overlay-color":"","overlay-opacity":"","overlay-gradient":""}},"ast-content-background-meta":{"desktop":{"background-color":"var(--ast-global-color-4)","background-image":"","background-repeat":"repeat","background-position":"center center","background-size":"auto","background-attachment":"scroll","background-type":"","background-media":"","overlay-type":"","overlay-color":"","overlay-opacity":"","overlay-gradient":""},"tablet":{"background-color":"var(--ast-global-color-4)","background-image":"","background-repeat":"repeat","background-position":"center center","background-size":"auto","background-attachment":"scroll","background-type":"","background-media":"","overlay-type":"","overlay-color":"","overlay-opacity":"","overlay-gradient":""},"mobile":{"background-color":"var(--ast-global-color-4)","background-image":"","background-repeat":"repeat","background-position":"center center","background-size":"auto","background-attachment":"scroll","background-type":"","background-media":"","overlay-type":"","overlay-color":"","overlay-opacity":"","overlay-gradient":""}},"footnotes":""},"class_list":["post-275","page","type-page","status-publish","hentry"],"uagb_featured_image_src":{"full":false,"thumbnail":false,"medium":false,"medium_large":false,"large":false,"1536x1536":false,"2048x2048":false,"trp-custom-language-flag":false},"uagb_author_info":{"display_name":"admin","author_link":"https:\/\/slobrides.si\/fr\/author\/admin\/"},"uagb_comment_info":0,"uagb_excerpt":"Slobrides \u2013 ponudba prirobnic in okovij iz ogljikovega jekla Slobrides \u2013 ponudba prirobnic in okovij iz ogljikovega jekla Slobrides predstavlja \u0161iroko ponudbo prirobnic in okovij (fitingov) iz ogljikovega jekla, ki zdru\u017eujejo visoko kakovost, zanesljivost in dolgo \u017eivljenjsko dobo. Vsi izdelki so zasnovani in izdelani v skladu z evropskimi standardi EN 1092\u20111 ter ameri\u0161kimi standardi ANSI\u2026","_links":{"self":[{"href":"https:\/\/slobrides.si\/fr\/wp-json\/wp\/v2\/pages\/275","targetHints":{"allow":["GET"]}}],"collection":[{"href":"https:\/\/slobrides.si\/fr\/wp-json\/wp\/v2\/pages"}],"about":[{"href":"https:\/\/slobrides.si\/fr\/wp-json\/wp\/v2\/types\/page"}],"author":[{"embeddable":true,"href":"https:\/\/slobrides.si\/fr\/wp-json\/wp\/v2\/users\/1"}],"replies":[{"embeddable":true,"href":"https:\/\/slobrides.si\/fr\/wp-json\/wp\/v2\/comments?post=275"}],"version-history":[{"count":292,"href":"https:\/\/slobrides.si\/fr\/wp-json\/wp\/v2\/pages\/275\/revisions"}],"predecessor-version":[{"id":3663,"href":"https:\/\/slobrides.si\/fr\/wp-json\/wp\/v2\/pages\/275\/revisions\/3663"}],"wp:attachment":[{"href":"https:\/\/slobrides.si\/fr\/wp-json\/wp\/v2\/media?parent=275"}],"curies":[{"name":"wp","href":"https:\/\/api.w.org\/{rel}","templated":true}]}}