{"id":1782,"date":"2025-07-10T12:51:39","date_gmt":"2025-07-10T10:51:39","guid":{"rendered":"https:\/\/slobrides.si\/?page_id=1782"},"modified":"2026-01-09T11:53:07","modified_gmt":"2026-01-09T10:53:07","slug":"https-slobrides-si-katalog","status":"publish","type":"page","link":"https:\/\/slobrides.si\/en\/https-slobrides-si-katalog\/","title":{"rendered":"Catalogue"},"content":{"rendered":"<div data-elementor-type=\"wp-page\" data-elementor-id=\"1782\" class=\"elementor elementor-1782\">\n\t\t\t\t<div class=\"elementor-element elementor-element-odns2h7 e-flex e-con-boxed elementor-invisible e-con e-parent\" data-id=\"odns2h7\" data-element_type=\"container\" data-e-type=\"container\" data-settings=\"{&quot;background_background&quot;:&quot;classic&quot;,&quot;animation&quot;:&quot;fadeIn&quot;}\">\n\t\t\t\t\t<div class=\"e-con-inner\">\n\t\t<div class=\"elementor-element elementor-element-8d332cf e-con-full e-flex e-con e-child\" data-id=\"8d332cf\" data-element_type=\"container\" data-e-type=\"container\">\n\t\t\t\t<div class=\"elementor-element elementor-element-4bf79de elementor-widget elementor-widget-heading\" data-id=\"4bf79de\" data-element_type=\"widget\" data-e-type=\"widget\" data-widget_type=\"heading.default\">\n\t\t\t\t<div class=\"elementor-widget-container\">\n\t\t\t\t\t<h1 class=\"elementor-heading-title elementor-size-default\">Catalogue<\/h1>\t\t\t\t<\/div>\n\t\t\t\t<\/div>\n\t\t\t\t<\/div>\n\t\t<div class=\"elementor-element elementor-element-5914677 e-con-full e-flex e-con e-child\" data-id=\"5914677\" data-element_type=\"container\" data-e-type=\"container\">\n\t\t\t\t<div class=\"elementor-element elementor-element-e40b923 elementor-widget elementor-widget-heading\" data-id=\"e40b923\" data-element_type=\"widget\" data-e-type=\"widget\" data-widget_type=\"heading.default\">\n\t\t\t\t<div class=\"elementor-widget-container\">\n\t\t\t\t\t<h2 class=\"elementor-heading-title elementor-size-default\">Industrial Technical Catalogue <\/h2>\t\t\t\t<\/div>\n\t\t\t\t<\/div>\n\t\t\t\t<\/div>\n\t\t<div class=\"elementor-element elementor-element-3de4fb1 e-con-full e-flex e-con e-child\" data-id=\"3de4fb1\" data-element_type=\"container\" data-e-type=\"container\">\n\t\t\t\t<div class=\"elementor-element elementor-element-7f6b6ec elementor-widget elementor-widget-text-editor\" data-id=\"7f6b6ec\" data-element_type=\"widget\" data-e-type=\"widget\" data-widget_type=\"text-editor.default\">\n\t\t\t\t<div class=\"elementor-widget-container\">\n\t\t\t\t\t\t\t\t\t<p style=\"text-align: center;\"><span style=\"font-weight: normal;\">On this page, you can access our technical catalogue, designed to provide users with quick and efficient access to essential information. The content is structured to ensure maximum clarity and to make navigation through the various data points straightforward and intuitive.<\/span><\/p>\t\t\t\t\t\t\t\t<\/div>\n\t\t\t\t<\/div>\n\t\t\t\t<\/div>\n\t\t<div class=\"elementor-element elementor-element-c9dc09c e-con-full e-flex e-con e-child\" data-id=\"c9dc09c\" data-element_type=\"container\" data-e-type=\"container\">\n\t\t\t\t<div class=\"elementor-element elementor-element-e38f18c elementor-widget__width-initial elementor-hidden-desktop elementor-hidden-tablet elementor-hidden-mobile elementor-widget elementor-widget-image\" data-id=\"e38f18c\" data-element_type=\"widget\" data-e-type=\"widget\" data-widget_type=\"image.default\">\n\t\t\t\t<div class=\"elementor-widget-container\">\n\t\t\t\t\t\t\t\t\t\t\t\t\t\t\t<img fetchpriority=\"high\" decoding=\"async\" width=\"500\" height=\"290\" src=\"https:\/\/slobrides.si\/wp-content\/uploads\/2025\/10\/carbon-fittings-tee-elbow-coupling-union-cap-bush-Slobrides.si_.jpg\" class=\"attachment-large size-large wp-image-2567\" alt=\"Industrial carbon steel ANSI fittings for mechanical assemblies and structural connections ( katalog )\" srcset=\"https:\/\/slobrides.si\/wp-content\/uploads\/2025\/10\/carbon-fittings-tee-elbow-coupling-union-cap-bush-Slobrides.si_.jpg 500w, https:\/\/slobrides.si\/wp-content\/uploads\/2025\/10\/carbon-fittings-tee-elbow-coupling-union-cap-bush-Slobrides.si_-300x174.jpg 300w, https:\/\/slobrides.si\/wp-content\/uploads\/2025\/10\/carbon-fittings-tee-elbow-coupling-union-cap-bush-Slobrides.si_-18x10.jpg 18w\" sizes=\"(max-width: 500px) 100vw, 500px\" \/>\t\t\t\t\t\t\t\t\t\t\t\t\t\t\t<\/div>\n\t\t\t\t<\/div>\n\t\t\t\t<\/div>\n\t\t<div class=\"elementor-element elementor-element-f2a85e9 e-con-full e-flex e-con e-child\" data-id=\"f2a85e9\" data-element_type=\"container\" data-e-type=\"container\">\n\t\t\t\t<div class=\"elementor-element elementor-element-16487c1 elementor-hidden-desktop elementor-hidden-tablet elementor-hidden-mobile elementor-widget elementor-widget-text-editor\" data-id=\"16487c1\" data-element_type=\"widget\" data-e-type=\"widget\" data-widget_type=\"text-editor.default\">\n\t\t\t\t<div class=\"elementor-widget-container\">\n\t\t\t\t\t\t\t\t\t<p>Za dodatne tehni\u010dne informacije si lahko ogledate tudi <a href=\"https:\/\/www.en-standard.eu\/en-1092-1\/\" target=\"_blank\" rel=\"noopener\">standard EN 1092-1<\/a>, medtem ko je celoten pregled na\u0161ih tehni\u010dnih dokumentov na voljo v <a href=\"https:\/\/slobrides.si\/en\/tehnicne-specifikacije\/\">na\u0161em katalogu<\/a>. Norme <a href=\"\/en\/norme\/\">EN 1092\u20111<\/a> dolo\u010dajo dimenzije in tolerance.<\/p>\t\t\t\t\t\t\t\t<\/div>\n\t\t\t\t<\/div>\n\t\t\t\t<\/div>\n\t\t\t\t\t<\/div>\n\t\t\t\t<\/div>\n\t\t<div class=\"elementor-element elementor-element-07ac205 e-flex e-con-boxed elementor-invisible e-con e-parent\" data-id=\"07ac205\" data-element_type=\"container\" data-e-type=\"container\" data-settings=\"{&quot;animation&quot;:&quot;slideInUp&quot;,&quot;background_background&quot;:&quot;classic&quot;}\">\n\t\t\t\t\t<div class=\"e-con-inner\">\n\t\t\t\t<div class=\"elementor-element elementor-element-ce449e3 elementor-widget elementor-widget-shortcode\" data-id=\"ce449e3\" data-element_type=\"widget\" data-e-type=\"widget\" data-widget_type=\"shortcode.default\">\n\t\t\t\t<div class=\"elementor-widget-container\">\n\t\t\t\t\t\t\t<div class=\"elementor-shortcode\"><div class=\"_df_book df-lite\" id=\"df_1441\"  _slug=\"katalog\" data-title=\"katalog\" wpoptions=\"true\" thumbtype=\"\" ><\/div><script class=\"df-shortcode-script\" nowprocket type=\"application\/javascript\">window.option_df_1441 = {\"outline\":[],\"autoEnableOutline\":\"false\",\"autoEnableThumbnail\":\"false\",\"overwritePDFOutline\":\"false\",\"backgroundImage\":\"https:\\\/\\\/slobrides.si\\\/wp-content\\\/uploads\\\/2025\\\/05\\\/stil41.jpg\",\"direction\":\"1\",\"pageSize\":\"0\",\"source\":\"https:\\\/\\\/slobrides.si\\\/wp-content\\\/uploads\\\/2025\\\/06\\\/CATALOGO-SLOBRIDES-2025.pdf\",\"wpOptions\":\"true\"}; if(window.DFLIP && window.DFLIP.parseBooks){window.DFLIP.parseBooks();}<\/script><\/div>\n\t\t\t\t\t\t<\/div>\n\t\t\t\t<\/div>\n\t\t\t\t\t<\/div>\n\t\t\t\t<\/div>\n\t\t<div class=\"elementor-element elementor-element-c35a5b1 e-flex e-con-boxed e-con e-parent\" data-id=\"c35a5b1\" data-element_type=\"container\" data-e-type=\"container\">\n\t\t\t\t\t<div class=\"e-con-inner\">\n\t\t\t\t<div class=\"elementor-element elementor-element-d4b3c40 elementor-widget elementor-widget-html\" data-id=\"d4b3c40\" data-element_type=\"widget\" data-e-type=\"widget\" data-widget_type=\"html.default\">\n\t\t\t\t<div class=\"elementor-widget-container\">\n\t\t\t\t\t<div style=\"position:absolute; left:-9999px; top:-9999px;\">\r\nTehni\u010dna dokumentacija ima v industrijskem okolju klju\u010dno vlogo, saj omogo\u010da natan\u010dno na\u010drtovanje, primerjavo in izbiro komponent, ki so potrebne za izvedbo razli\u010dnih projektov. Podjetja, ki delujejo na podro\u010dju in\u017eeniringa, gradbeni\u0161tva, energetike, industrijskih instalacij in vzdr\u017eevanja, se pri vsakodnevnem delu zana\u0161ajo na zanesljive informacije, ki morajo biti predstavljene jasno, pregledno in v skladu z veljavnimi standardi. Katalog tehni\u010dnih komponent tako predstavlja temeljni vir podatkov, ki strokovnjakom omogo\u010da sprejemanje pravilnih odlo\u010ditev in zmanj\u0161uje tveganje za napake pri monta\u017ei ali obratovanju sistemov.\r\n\r\nV industrijskih procesih je natan\u010dnost izjemnega pomena. \u017de majhna odstopanja pri dimenzijah, materialih ali tla\u010dnih razredih lahko povzro\u010dijo te\u017eave pri sestavi, vplivajo na varnost ali zmanj\u0161ajo u\u010dinkovitost celotnega sistema. Zato morajo biti tehni\u010dne informacije vedno usklajene z dejanskimi specifikacijami izdelkov, ki jih podjetje ponuja. To vklju\u010duje redno preverjanje skladnosti z mednarodnimi standardi, posodabljanje podatkov in skrb za to, da so vse informacije predstavljene na na\u010din, ki omogo\u010da hitro razumevanje in enostavno uporabo v praksi.\r\n\r\nTehni\u010dni katalogi obi\u010dajno vklju\u010dujejo podatke o dimenzijah, materialih, tolerancah, tla\u010dnih razredih, standardih, certifikatih in drugih parametrih, ki so pomembni za pravilno izbiro komponent. Poleg osnovnih tehni\u010dnih podatkov pogosto vsebujejo tudi informacije o razpolo\u017eljivosti, dobavnih rokih in logisti\u010dnih mo\u017enostih, kar je klju\u010dnega pomena za podjetja, ki izvajajo projekte z natan\u010dno dolo\u010denimi \u010dasovnicami. Zanesljivost dobave in jasna komunikacija o razpolo\u017eljivosti materialov sta pomembna dejavnika, ki vplivata na uspe\u0161nost projektov in zadovoljstvo kon\u010dnih uporabnikov.\r\n\r\nDigitalizacija tehni\u010dne dokumentacije je v zadnjih letih postala standard v industriji. Digitalni katalogi omogo\u010dajo hitrej\u0161e iskanje informacij, enostavno posodabljanje podatkov in bolj\u0161o integracijo z drugimi informacijskimi sistemi. Podjetja, ki uporabljajo digitalne re\u0161itve, lahko svojim strankam ponudijo bolj\u0161o uporabni\u0161ko izku\u0161njo, saj omogo\u010dajo dostop do podatkov ne glede na lokacijo ali napravo. Poleg tega digitalni sistemi omogo\u010dajo bolj\u0161o sledljivost sprememb, kar je pomembno za zagotavljanje skladnosti z aktualnimi standardi in zahtevami posameznih panog.\r\n\r\nStruktura tehni\u010dnega kataloga mora biti zasnovana tako, da omogo\u010da hitro orientacijo in enostavno primerjavo med razli\u010dnimi izvedbami. To vklju\u010duje uporabo preglednic, tehni\u010dnih risb, opisov, opomb in referenc, ki strokovnjakom olaj\u0161ajo izbiro ustreznih komponent. Jasna in dosledna terminologija je klju\u010dna za prepre\u010devanje nesporazumov, \u0161e posebej v mednarodnem poslovnem okolju, kjer se pogosto sre\u010dujejo razli\u010dni standardi in tehni\u010dne prakse. Dobro zasnovan katalog tako prispeva k ve\u010dji preglednosti, bolj\u0161i organizaciji in u\u010dinkovitej\u0161emu delu.\r\n\r\nVloga distributerjev tehni\u010dnih komponent je v tem procesu \u0161e posebej pomembna. Podjetja, ki ne nastopajo kot proizvajalci, temve\u010d kot posredniki med dobavitelji in kon\u010dnimi uporabniki, morajo zagotoviti, da so informacije, ki jih posredujejo, natan\u010dne, a\u017eurne in skladne z dejanskimi specifikacijami izdelkov. To zahteva dobro poznavanje trga, stalno komunikacijo z dobavitelji in skrb za to, da so tehni\u010dni podatki vedno usklajeni z realnimi mo\u017enostmi dobave. S tem distributerji prispevajo k stabilnosti dobavne verige in omogo\u010dajo strankam, da se zanesejo na kakovost in zanesljivost ponujenih re\u0161itev.\r\n\r\nTehni\u010dni katalogi so pogosto zasnovani tako, da omogo\u010dajo hitro primerjavo med razli\u010dnimi materiali, dimenzijami in standardi. To je \u0161e posebej pomembno pri projektih, kjer je treba uskladiti razli\u010dne komponente in zagotoviti, da so vse skladne z zahtevami sistema. Pregledne tabele, risbe in opisi omogo\u010dajo strokovnjakom, da hitro prepoznajo ustrezne re\u0161itve in sprejemajo odlo\u010ditve na podlagi zanesljivih podatkov. Tak pristop zmanj\u0161uje mo\u017enost napak, izbolj\u0161uje u\u010dinkovitost in prispeva k ve\u010dji varnosti pri izvedbi projektov.\r\n\r\nV sodobnem industrijskem okolju je pomembno tudi, da so tehni\u010dne informacije dostopne v razli\u010dnih formatih, ki omogo\u010dajo enostavno integracijo z drugimi sistemi. To vklju\u010duje digitalne kataloge, spletne konfiguratorje, tehni\u010dne portale in druge re\u0161itve, ki omogo\u010dajo hitro iskanje in uporabo podatkov. Podjetja, ki vlagajo v digitalizacijo tehni\u010dne dokumentacije, lahko svojim strankam ponudijo bolj\u0161o podporo, hitrej\u0161e odzivne \u010dase in ve\u010djo preglednost pri na\u010drtovanju projektov.\r\n\r\nDobro zasnovan tehni\u010dni katalog tako predstavlja pomembno orodje za strokovnjake, ki delujejo v razli\u010dnih industrijskih panogah. Omogo\u010da jim, da hitro najdejo potrebne informacije, primerjajo razli\u010dne mo\u017enosti in sprejemajo odlo\u010ditve na podlagi zanesljivih podatkov. S tem prispeva k ve\u010dji u\u010dinkovitosti, bolj\u0161i organizaciji in zanesljivej\u0161emu izvajanju projektov, kar je klju\u010dnega pomena za uspe\u0161no delovanje v sodobnem industrijskem okolju.\r\n<\/div>\r\n\t\t\t\t<\/div>\n\t\t\t\t<\/div>\n\t\t\t\t\t<\/div>\n\t\t\t\t<\/div>\n\t\t\t\t<\/div>","protected":false},"excerpt":{"rendered":"<p>Katalog Industrijski tehni\u010dni katalog Na tej strani Vam je na voljo v pregled na\u0161 tehni\u010dni katalog, ki uporabnikom omogo\u010da hiter dostop do osnovnih informacij. Vsebina je pripravljena tako, da podpira preglednost in olaj\u0161a orientacijo med posameznimi podatki. Za dodatne tehni\u010dne informacije si lahko ogledate tudi standard EN 1092-1, medtem ko je celoten pregled na\u0161ih tehni\u010dnih [&hellip;]<\/p>\n","protected":false},"author":1,"featured_media":0,"parent":0,"menu_order":3,"comment_status":"closed","ping_status":"closed","template":"","meta":{"_uag_custom_page_level_css":"","site-sidebar-layout":"no-sidebar","site-content-layout":"","ast-site-content-layout":"full-width-container","site-content-style":"default","site-sidebar-style":"default","ast-global-header-display":"","ast-banner-title-visibility":"","ast-main-header-display":"","ast-hfb-above-header-display":"","ast-hfb-below-header-display":"","ast-hfb-mobile-header-display":"","site-post-title":"","ast-breadcrumbs-content":"","ast-featured-img":"disabled","footer-sml-layout":"","ast-disable-related-posts":"","theme-transparent-header-meta":"","adv-header-id-meta":"","stick-header-meta":"","header-above-stick-meta":"","header-main-stick-meta":"","header-below-stick-meta":"","astra-migrate-meta-layouts":"default","ast-page-background-enabled":"default","ast-page-background-meta":{"desktop":{"background-color":"var(--ast-global-color-5)","background-image":"","background-repeat":"repeat","background-position":"center center","background-size":"auto","background-attachment":"scroll","background-type":"","background-media":"","overlay-type":"","overlay-color":"","overlay-opacity":"","overlay-gradient":""},"tablet":{"background-color":"","background-image":"","background-repeat":"repeat","background-position":"center center","background-size":"auto","background-attachment":"scroll","background-type":"","background-media":"","overlay-type":"","overlay-color":"","overlay-opacity":"","overlay-gradient":""},"mobile":{"background-color":"","background-image":"","background-repeat":"repeat","background-position":"center center","background-size":"auto","background-attachment":"scroll","background-type":"","background-media":"","overlay-type":"","overlay-color":"","overlay-opacity":"","overlay-gradient":""}},"ast-content-background-meta":{"desktop":{"background-color":"var(--ast-global-color-4)","background-image":"","background-repeat":"repeat","background-position":"center center","background-size":"auto","background-attachment":"scroll","background-type":"","background-media":"","overlay-type":"","overlay-color":"","overlay-opacity":"","overlay-gradient":""},"tablet":{"background-color":"var(--ast-global-color-4)","background-image":"","background-repeat":"repeat","background-position":"center center","background-size":"auto","background-attachment":"scroll","background-type":"","background-media":"","overlay-type":"","overlay-color":"","overlay-opacity":"","overlay-gradient":""},"mobile":{"background-color":"var(--ast-global-color-4)","background-image":"","background-repeat":"repeat","background-position":"center center","background-size":"auto","background-attachment":"scroll","background-type":"","background-media":"","overlay-type":"","overlay-color":"","overlay-opacity":"","overlay-gradient":""}},"footnotes":""},"class_list":["post-1782","page","type-page","status-publish","hentry"],"uagb_featured_image_src":{"full":false,"thumbnail":false,"medium":false,"medium_large":false,"large":false,"1536x1536":false,"2048x2048":false,"trp-custom-language-flag":false},"uagb_author_info":{"display_name":"admin","author_link":"https:\/\/slobrides.si\/en\/author\/admin\/"},"uagb_comment_info":0,"uagb_excerpt":"Katalog Industrijski tehni\u010dni katalog Na tej strani Vam je na voljo v pregled na\u0161 tehni\u010dni katalog, ki uporabnikom omogo\u010da hiter dostop do osnovnih informacij. Vsebina je pripravljena tako, da podpira preglednost in olaj\u0161a orientacijo med posameznimi podatki. Za dodatne tehni\u010dne informacije si lahko ogledate tudi standard EN 1092-1, medtem ko je celoten pregled na\u0161ih tehni\u010dnih&hellip;","_links":{"self":[{"href":"https:\/\/slobrides.si\/en\/wp-json\/wp\/v2\/pages\/1782","targetHints":{"allow":["GET"]}}],"collection":[{"href":"https:\/\/slobrides.si\/en\/wp-json\/wp\/v2\/pages"}],"about":[{"href":"https:\/\/slobrides.si\/en\/wp-json\/wp\/v2\/types\/page"}],"author":[{"embeddable":true,"href":"https:\/\/slobrides.si\/en\/wp-json\/wp\/v2\/users\/1"}],"replies":[{"embeddable":true,"href":"https:\/\/slobrides.si\/en\/wp-json\/wp\/v2\/comments?post=1782"}],"version-history":[{"count":111,"href":"https:\/\/slobrides.si\/en\/wp-json\/wp\/v2\/pages\/1782\/revisions"}],"predecessor-version":[{"id":3671,"href":"https:\/\/slobrides.si\/en\/wp-json\/wp\/v2\/pages\/1782\/revisions\/3671"}],"wp:attachment":[{"href":"https:\/\/slobrides.si\/en\/wp-json\/wp\/v2\/media?parent=1782"}],"curies":[{"name":"wp","href":"https:\/\/api.w.org\/{rel}","templated":true}]}}